{"id":11,"date":"2026-04-20T12:03:47","date_gmt":"2026-04-20T12:03:47","guid":{"rendered":"https:\/\/prototipa.indigofablab.com.ar\/?page_id=11"},"modified":"2026-04-20T16:45:17","modified_gmt":"2026-04-20T16:45:17","slug":"inicio","status":"publish","type":"page","link":"https:\/\/prototipa.indigofablab.com.ar\/","title":{"rendered":"Inicio"},"content":{"rendered":"\n<div class=\"wp-block-cover alignfull\" style=\"min-height:720px;aspect-ratio:unset;\"><span aria-hidden=\"true\" class=\"wp-block-cover__background has-background-dim-100 has-background-dim has-background-gradient\" style=\"background:linear-gradient(35deg,rgb(21,31,50) 0%,rgb(0,241,144) 73%,rgb(0,241,144) 100%)\"><\/span><div class=\"wp-block-cover__inner-container is-layout-flow wp-block-cover-is-layout-flow\">\n<div class=\"inherit-container-width wp-block-group alignwide is-layout-constrained wp-block-group-is-layout-constrained\">\n<p><\/p>\n\n\n\n<div class=\"wp-block-media-text alignwide has-media-on-the-right is-stacked-on-mobile is-vertically-aligned-center\" style=\"grid-template-columns:auto 21%\"><div class=\"wp-block-media-text__content\">\n<h1 class=\"wp-block-heading has-text-align-left has-white-color has-text-color\" style=\"font-size:79px;line-height:1\">Hac\u00e9 lo que quieras!<\/h1>\n\n\n\n<p class=\"has-white-color has-text-color\" style=\"font-size:29px;letter-spacing:-1.7px;line-height:1.1\">Somos un laboratorio de fabricaci\u00f3n de objetos<br>Ac\u00e1 vas a poder materializar tus ideas y maquetar tus proyectos<\/p>\n\n\n\n<div class=\"wp-block-buttons is-layout-flex wp-block-buttons-is-layout-flex\">\n<div class=\"wp-block-button\"><a class=\"wp-block-button__link has-text-color has-background has-link-color wp-element-button\" style=\"color:#00f190;background-color:#151f32\">Presupuesto<\/a><\/div>\n<\/div>\n<\/div><figure class=\"wp-block-media-text__media\"><img loading=\"lazy\" decoding=\"async\" width=\"539\" height=\"1024\" src=\"https:\/\/prototipa.indigofablab.com.ar\/wp-content\/uploads\/2026\/04\/Logo-Prototipa_sin-fondo-539x1024.png\" alt=\"\" class=\"wp-image-69 size-full\" srcset=\"https:\/\/prototipa.indigofablab.com.ar\/wp-content\/uploads\/2026\/04\/Logo-Prototipa_sin-fondo-539x1024.png 539w, https:\/\/prototipa.indigofablab.com.ar\/wp-content\/uploads\/2026\/04\/Logo-Prototipa_sin-fondo-158x300.png 158w, https:\/\/prototipa.indigofablab.com.ar\/wp-content\/uploads\/2026\/04\/Logo-Prototipa_sin-fondo-768x1458.png 768w, https:\/\/prototipa.indigofablab.com.ar\/wp-content\/uploads\/2026\/04\/Logo-Prototipa_sin-fondo-809x1536.png 809w, https:\/\/prototipa.indigofablab.com.ar\/wp-content\/uploads\/2026\/04\/Logo-Prototipa_sin-fondo-1079x2048.png 1079w, https:\/\/prototipa.indigofablab.com.ar\/wp-content\/uploads\/2026\/04\/Logo-Prototipa_sin-fondo-scaled.png 1348w\" sizes=\"auto, (max-width: 539px) 100vw, 539px\" \/><\/figure><\/div>\n<\/div>\n<\/div><\/div>\n\n\n\n<h2 class=\"wp-block-heading\"><\/h2>\n\n\n\n<div class=\"wp-block-group alignfull has-background is-layout-constrained wp-container-core-group-is-layout-45b0ac4f wp-block-group-is-layout-constrained\" id=\"services\" style=\"background-color:#152033;padding-top:144px;padding-bottom:0px\">\n<h2 class=\"wp-block-heading\">Nuestros servicios<\/h2>\n\n\n\n<div class=\"wp-block-columns is-layout-flex wp-container-core-columns-is-layout-60cbf9bb wp-block-columns-is-layout-flex\" style=\"margin-top:50px\">\n<div class=\"wp-block-column is-layout-flow wp-container-core-column-is-layout-6b73ce23 wp-block-column-is-layout-flow\">\n<figure class=\"wp-block-image size-full\"><img decoding=\"async\" src=\"https:\/\/prototipa.indigofablab.com.ar\/wp-content\/themes\/astra\/inc\/assets\/images\/starter-content\/branding.jpg\" alt=\"\" class=\"wp-image-230\"\/><\/figure>\n\n\n\n<h3 class=\"wp-block-heading\" style=\"margin-top:16px\">Corte l\u00e1ser<\/h3>\n\n\n\n<p>Cortamos y grabamos sobre madera, acr\u00edlico, MDF, cuero y m\u00e1s. Ideal para carteler\u00eda, se\u00f1al\u00e9tica y piezas de dise\u00f1o de gran escala con precisi\u00f3n milim\u00e9trica.<br>\u00c1rea de trabajo <strong>1.30m x 0.90m<\/strong>. <\/p>\n<\/div>\n\n\n\n<div class=\"wp-block-column is-layout-flow wp-container-core-column-is-layout-6b73ce23 wp-block-column-is-layout-flow\">\n<figure class=\"wp-block-image size-full\"><img decoding=\"async\" src=\"https:\/\/prototipa.indigofablab.com.ar\/wp-content\/themes\/astra\/inc\/assets\/images\/starter-content\/graphic.jpg\" alt=\"\" class=\"wp-image-232\"\/><\/figure>\n\n\n\n<h3 class=\"wp-block-heading\" style=\"margin-top:16px\">Impresi\u00f3n 3D<\/h3>\n\n\n\n<p>Materializamos tus ideas con precisi\u00f3n. Con un volumen de impresi\u00f3n de hasta <strong>30cm x 30cm x 40<\/strong>cm, fabricamos desde prototipos funcionales hasta piezas finales en PLA, PETG y Flex y m\u00e1s.<\/p>\n<\/div>\n\n\n\n<div class=\"wp-block-column is-layout-flow wp-container-core-column-is-layout-6b73ce23 wp-block-column-is-layout-flow\">\n<figure class=\"wp-block-image size-full\"><img decoding=\"async\" src=\"https:\/\/prototipa.indigofablab.com.ar\/wp-content\/themes\/astra\/inc\/assets\/images\/starter-content\/web.jpg\" alt=\"\" class=\"wp-image-231\"\/><\/figure>\n\n\n\n<h3 class=\"wp-block-heading\" style=\"margin-top:16px\">Estampado<\/h3>\n\n\n\n<p>Personalizaci\u00f3n total para tu marca o evento. Realizamos estampados textiles y sublimaci\u00f3n de tazas, gorras y productos promocionales. Calidad duradera y colores vibrantes para que tu marca destaque.<\/p>\n<\/div>\n<\/div>\n<\/div>\n\n\n\n<h2 class=\"wp-block-heading\"><\/h2>\n\n\n\n<div class=\"wp-block-group alignfull has-ast-global-color-5-background-color has-background is-layout-constrained wp-container-core-group-is-layout-94d206d0 wp-block-group-is-layout-constrained\" id=\"about\" style=\"padding-top:143px;padding-bottom:144px\">\n<div class=\"wp-block-media-text has-media-on-the-right is-stacked-on-mobile is-vertically-aligned-center\"><div class=\"wp-block-media-text__content\">\n<div class=\"inherit-container-width wp-block-group is-layout-constrained wp-container-core-group-is-layout-47ce07ec wp-block-group-is-layout-constrained\" style=\"padding-right:80px\">\n<h2 class=\"wp-block-heading has-white-color has-text-color has-link-color wp-elements-29291b73281893b25c17aab434a4efd9\" style=\"padding-right:0px;font-size:35px\">Pasi\u00f3n por la fabricaci\u00f3n<\/h2>\n\n\n\n<p class=\"has-white-color has-text-color has-link-color wp-elements-f95d5166e4edad135cafffac6fa4fa33\" style=\"font-size:20px\">Sabemos que el dise\u00f1o es solo la mitad del camino. Por eso, en Prototipa nos convertimos en el socio estrat\u00e9gico que necesit\u00e1s para llevar tus ideas del plano digital a la realidad f\u00edsica. Trabajamos en conjunto con estudiantes, dise\u00f1adores, arquitectos, ingenieros y mentes creativas para materializar proyectos con precisi\u00f3n industrial y agilidad emprendedora.<\/p>\n<\/div>\n<\/div><figure class=\"wp-block-media-text__media\"><img decoding=\"async\" src=\"https:\/\/prototipa.indigofablab.com.ar\/wp-content\/themes\/astra\/inc\/assets\/images\/starter-content\/about-us.jpg\" alt=\"\" class=\"wp-image-237 size-full\"\/><\/figure><\/div>\n<\/div>\n\n\n\n<div class=\"wp-block-group alignfull is-layout-constrained wp-container-core-group-is-layout-3fee123f wp-block-group-is-layout-constrained\" id=\"whyus\" style=\"padding-top:144px;padding-bottom:144px\">\n<h2 class=\"wp-block-heading has-text-color has-link-color wp-elements-9bf05a8e1dc2fb8df60b8641802fda38\" style=\"color:#00f190\">\u00bfPor qu\u00e9 elegir Prototipa?<\/h2>\n\n\n\n<div class=\"wp-block-columns is-layout-flex wp-container-core-columns-is-layout-29aadeec wp-block-columns-is-layout-flex\" style=\"margin-top:60px\">\n<div class=\"wp-block-column is-layout-flow wp-container-core-column-is-layout-6b73ce23 wp-block-column-is-layout-flow\">\n<figure class=\"wp-block-image size-large wp-duotone-000000-00f190-1\"><img decoding=\"async\" src=\"https:\/\/prototipa.indigofablab.com.ar\/wp-content\/themes\/astra\/inc\/assets\/images\/starter-content\/passionate.svg\" alt=\"\" class=\"wp-image-162\"\/><\/figure>\n\n\n\n<h3 class=\"wp-block-heading has-text-color has-link-color wp-elements-878befbcf57222593bcbaae72d0946f6\" style=\"color:#00fea1;margin-top:16px\">Dise\u00f1o integral<\/h3>\n\n\n\n<p class=\"has-white-color has-text-color has-link-color wp-elements-a943bb28a222b6980a7abb7b0739ebe2\">No solo fabricamos, te asesoramos. Analizamos tu archivo o idea para optimizar el uso de herramientas y materiales y asegurar un buen resultado.<\/p>\n<\/div>\n\n\n\n<div class=\"wp-block-column is-layout-flow wp-container-core-column-is-layout-6b73ce23 wp-block-column-is-layout-flow\">\n<figure class=\"wp-block-image size-large wp-duotone-000000-00f190-2\"><img decoding=\"async\" src=\"https:\/\/prototipa.indigofablab.com.ar\/wp-content\/themes\/astra\/inc\/assets\/images\/starter-content\/professional.svg\" alt=\"\" class=\"wp-image-163\"\/><\/figure>\n\n\n\n<h3 class=\"wp-block-heading has-text-color has-link-color wp-elements-de699ff5f91585c1f3a256056d0d24c3\" style=\"color:#00ffa2;margin-top:0px\">Prototipado r\u00e1pido<\/h3>\n\n\n\n<p>Convertimos tus dise\u00f1os digitales en objetos f\u00edsicos en tiempo r\u00e9cord. Ideal para entregas acad\u00e9micas, validaci\u00f3n de proyectos o testeos industriales. <\/p>\n<\/div>\n\n\n\n<div class=\"wp-block-column is-layout-flow wp-container-core-column-is-layout-6b73ce23 wp-block-column-is-layout-flow\">\n<figure class=\"wp-block-image size-large wp-duotone-000000-00f190-3\"><img decoding=\"async\" src=\"https:\/\/prototipa.indigofablab.com.ar\/wp-content\/themes\/astra\/inc\/assets\/images\/starter-content\/support.svg\" alt=\"\" class=\"wp-image-164\"\/><\/figure>\n\n\n\n<h3 class=\"wp-block-heading has-text-color has-link-color wp-elements-6fea8e11ad92cb0e013a410fe9e249f1\" style=\"color:#00ffa2\">Piezas a medida<\/h3>\n\n\n\n<p>Desde un regalo \u00fanico hasta series largas de producci\u00f3n. Nos adaptamos a tu demanda sin m\u00ednimos exagerados.<\/p>\n<\/div>\n<\/div>\n<\/div>\n\n\n\n<div class=\"wp-block-group alignfull has-ast-global-color-5-background-color has-background is-content-justification-center is-layout-constrained wp-container-core-group-is-layout-fe6ca239 wp-block-group-is-layout-constrained\" id=\"about\" style=\"padding-top:143px;padding-bottom:144px\">\n<div class=\"wp-block-media-text is-stacked-on-mobile\"><figure class=\"wp-block-media-text__media\"><img decoding=\"async\" src=\"https:\/\/prototipa.indigofablab.com.ar\/wp-content\/themes\/astra\/inc\/assets\/images\/starter-content\/about-us.jpg\" alt=\"\" class=\"wp-image-237 size-full\"\/><\/figure><div class=\"wp-block-media-text__content\">\n<div class=\"inherit-container-width wp-block-group is-layout-constrained wp-container-core-group-is-layout-47ce07ec wp-block-group-is-layout-constrained\" style=\"padding-right:80px\">\n<h2 class=\"wp-block-heading has-text-align-center has-white-color has-text-color has-link-color wp-elements-2d38214a9314c93b3148e2c287d9c8dd\" style=\"padding-right:40px;font-size:35px\">\u00bfSos Estudiante?<\/h2>\n\n\n\n<p class=\"has-text-align-left\" style=\"font-size:20px\">\u00bfTen\u00e9s entrega y todav\u00eda no  sab\u00e9s que hacer con la maqueta? Ven\u00ed a Prototipa.<\/p>\n\n\n\n<ul class=\"wp-block-list\">\n<li style=\"font-size:18px\">En 24hs lo ten\u00e9s en tus manos.<\/li>\n\n\n\n<li style=\"font-size:18px\">Trabajamos los 365 d\u00edas del a\u00f1o. Si vos entreg\u00e1s, nosotros fabricamos.<\/li>\n\n\n\n<li style=\"font-size:18px\">Descuentos exclusivos presentando tu libreta.<\/li>\n<\/ul>\n\n\n\n<div class=\"wp-block-buttons is-layout-flex wp-block-buttons-is-layout-flex\">\n<div class=\"wp-block-button\"><a class=\"wp-block-button__link has-ast-global-color-4-color has-text-color has-background has-link-color wp-element-button\" style=\"background-color:#00f190\">Mandanos el archivo por whatsapp<\/a><\/div>\n<\/div>\n<\/div>\n<\/div><\/div>\n<\/div>\n\n\n\n<div class=\"wp-block-group alignfull has-background is-layout-constrained wp-container-core-group-is-layout-cfcca693 wp-block-group-is-layout-constrained\" id=\"contact\" style=\"background:linear-gradient(174deg,rgb(21,31,50) 58%,rgb(0,255,200) 66%,rgb(21,31,50) 75%);padding-top:104px;padding-bottom:104px\">\n<h2 class=\"wp-block-heading has-text-align-center has-text-color\" style=\"color:#ffffff\">El l\u00edmite est\u00e1 en tu imaginaci\u00f3n<\/h2>\n\n\n\n<div class=\"wp-block-buttons alignwide is-horizontal is-content-justification-center is-layout-flex wp-container-core-buttons-is-layout-bba8380a wp-block-buttons-is-layout-flex\" style=\"margin-top:50px\">\n<div class=\"wp-block-button is-style-fill\"><a class=\"wp-block-button__link has-white-color has-ast-global-color-5-background-color has-text-color has-background has-link-color wp-element-button\" style=\"border-style:none;border-width:0px;border-top-left-radius:100px;border-top-right-radius:100px;border-bottom-left-radius:100px;border-bottom-right-radius:100px;padding-top:var(--wp--preset--spacing--40);padding-right:var(--wp--preset--spacing--40);padding-bottom:var(--wp--preset--spacing--40);padding-left:var(--wp--preset--spacing--40)\">Contanos tu idea<\/a><\/div>\n<\/div>\n<\/div>\n\n\n\n<p><\/p>\n","protected":false},"excerpt":{"rendered":"<p>Nuestros servicios Corte l\u00e1ser Cortamos y grabamos sobre madera, acr\u00edlico, MDF, cuero y m\u00e1s. Ideal para carteler\u00eda, se\u00f1al\u00e9tica y piezas [&hellip;]<\/p>\n","protected":false},"author":1,"featured_media":0,"parent":0,"menu_order":0,"comment_status":"closed","ping_status":"closed","template":"","meta":{"site-sidebar-layout":"no-sidebar","site-content-layout":"plain-container","ast-site-content-layout":"default","site-content-style":"default","site-sidebar-style":"default","ast-global-header-display":"","ast-banner-title-visibility":"","ast-main-header-display":"","ast-hfb-above-header-display":"","ast-hfb-below-header-display":"","ast-hfb-mobile-header-display":"","site-post-title":"disabled","ast-breadcrumbs-content":"","ast-featured-img":"","footer-sml-layout":"","ast-disable-related-posts":"","theme-transparent-header-meta":"enabled","adv-header-id-meta":"","stick-header-meta":"","header-above-stick-meta":"","header-main-stick-meta":"","header-below-stick-meta":"","astra-migrate-meta-layouts":"default","ast-page-background-enabled":"default","ast-page-background-meta":{"desktop":{"background-color":"var(--ast-global-color-5)","background-image":"","background-repeat":"repeat","background-position":"center center","background-size":"auto","background-attachment":"scroll","background-type":"","background-media":"","overlay-type":"","overlay-color":"","overlay-opacity":"","overlay-gradient":""},"tablet":{"background-color":"","background-image":"","background-repeat":"repeat","background-position":"center center","background-size":"auto","background-attachment":"scroll","background-type":"","background-media":"","overlay-type":"","overlay-color":"","overlay-opacity":"","overlay-gradient":""},"mobile":{"background-color":"","background-image":"","background-repeat":"repeat","background-position":"center center","background-size":"auto","background-attachment":"scroll","background-type":"","background-media":"","overlay-type":"","overlay-color":"","overlay-opacity":"","overlay-gradient":""}},"ast-content-background-meta":{"desktop":{"background-color":"var(--ast-global-color-4)","background-image":"","background-repeat":"repeat","background-position":"center center","background-size":"auto","background-attachment":"scroll","background-type":"","background-media":"","overlay-type":"","overlay-color":"","overlay-opacity":"","overlay-gradient":""},"tablet":{"background-color":"var(--ast-global-color-4)","background-image":"","background-repeat":"repeat","background-position":"center center","background-size":"auto","background-attachment":"scroll","background-type":"","background-media":"","overlay-type":"","overlay-color":"","overlay-opacity":"","overlay-gradient":""},"mobile":{"background-color":"var(--ast-global-color-4)","background-image":"","background-repeat":"repeat","background-position":"center center","background-size":"auto","background-attachment":"scroll","background-type":"","background-media":"","overlay-type":"","overlay-color":"","overlay-opacity":"","overlay-gradient":""}},"footnotes":""},"class_list":["post-11","page","type-page","status-publish","hentry"],"yoast_head":"<!-- This site is optimized with the Yoast SEO plugin v27.4 - https:\/\/yoast.com\/product\/yoast-seo-wordpress\/ -->\n<title>Inicio - Prototipa<\/title>\n<meta name=\"robots\" content=\"index, follow, max-snippet:-1, max-image-preview:large, max-video-preview:-1\" \/>\n<link rel=\"canonical\" href=\"https:\/\/prototipa.indigofablab.com.ar\/\" \/>\n<meta property=\"og:locale\" content=\"es_ES\" \/>\n<meta property=\"og:type\" content=\"article\" \/>\n<meta property=\"og:title\" content=\"Inicio - Prototipa\" \/>\n<meta property=\"og:description\" content=\"Nuestros servicios Corte l\u00e1ser Cortamos y grabamos sobre madera, acr\u00edlico, MDF, cuero y m\u00e1s. Ideal para carteler\u00eda, se\u00f1al\u00e9tica y piezas [&hellip;]\" \/>\n<meta property=\"og:url\" content=\"https:\/\/prototipa.indigofablab.com.ar\/\" \/>\n<meta property=\"og:site_name\" content=\"Prototipa\" \/>\n<meta property=\"article:modified_time\" content=\"2026-04-20T16:45:17+00:00\" \/>\n<meta property=\"og:image\" content=\"https:\/\/prototipa.indigofablab.com.ar\/wp-content\/uploads\/2026\/04\/Logo-Prototipa_sin-fondo-scaled.png\" \/>\n\t<meta property=\"og:image:width\" content=\"1348\" \/>\n\t<meta property=\"og:image:height\" content=\"2560\" \/>\n\t<meta property=\"og:image:type\" content=\"image\/png\" \/>\n<meta name=\"twitter:card\" content=\"summary_large_image\" \/>\n<meta name=\"twitter:label1\" content=\"Tiempo de lectura\" \/>\n\t<meta name=\"twitter:data1\" content=\"4 minutos\" \/>\n<script type=\"application\/ld+json\" class=\"yoast-schema-graph\">{\"@context\":\"https:\\\/\\\/schema.org\",\"@graph\":[{\"@type\":\"WebPage\",\"@id\":\"https:\\\/\\\/prototipa.indigofablab.com.ar\\\/\",\"url\":\"https:\\\/\\\/prototipa.indigofablab.com.ar\\\/\",\"name\":\"Inicio - Prototipa\",\"isPartOf\":{\"@id\":\"https:\\\/\\\/prototipa.indigofablab.com.ar\\\/#website\"},\"primaryImageOfPage\":{\"@id\":\"https:\\\/\\\/prototipa.indigofablab.com.ar\\\/#primaryimage\"},\"image\":{\"@id\":\"https:\\\/\\\/prototipa.indigofablab.com.ar\\\/#primaryimage\"},\"thumbnailUrl\":\"https:\\\/\\\/prototipa.indigofablab.com.ar\\\/wp-content\\\/uploads\\\/2026\\\/04\\\/Logo-Prototipa_sin-fondo-539x1024.png\",\"datePublished\":\"2026-04-20T12:03:47+00:00\",\"dateModified\":\"2026-04-20T16:45:17+00:00\",\"breadcrumb\":{\"@id\":\"https:\\\/\\\/prototipa.indigofablab.com.ar\\\/#breadcrumb\"},\"inLanguage\":\"es\",\"potentialAction\":[{\"@type\":\"ReadAction\",\"target\":[\"https:\\\/\\\/prototipa.indigofablab.com.ar\\\/\"]}]},{\"@type\":\"ImageObject\",\"inLanguage\":\"es\",\"@id\":\"https:\\\/\\\/prototipa.indigofablab.com.ar\\\/#primaryimage\",\"url\":\"https:\\\/\\\/prototipa.indigofablab.com.ar\\\/wp-content\\\/uploads\\\/2026\\\/04\\\/Logo-Prototipa_sin-fondo-scaled.png\",\"contentUrl\":\"https:\\\/\\\/prototipa.indigofablab.com.ar\\\/wp-content\\\/uploads\\\/2026\\\/04\\\/Logo-Prototipa_sin-fondo-scaled.png\",\"width\":1348,\"height\":2560},{\"@type\":\"BreadcrumbList\",\"@id\":\"https:\\\/\\\/prototipa.indigofablab.com.ar\\\/#breadcrumb\",\"itemListElement\":[{\"@type\":\"ListItem\",\"position\":1,\"name\":\"Portada\",\"item\":\"https:\\\/\\\/prototipa.indigofablab.com.ar\\\/\"},{\"@type\":\"ListItem\",\"position\":2,\"name\":\"Inicio\"}]},{\"@type\":\"WebSite\",\"@id\":\"https:\\\/\\\/prototipa.indigofablab.com.ar\\\/#website\",\"url\":\"https:\\\/\\\/prototipa.indigofablab.com.ar\\\/\",\"name\":\"Prototipa\",\"description\":\"Laboratorio de Fabricaci\u00f3n Digital\",\"publisher\":{\"@id\":\"https:\\\/\\\/prototipa.indigofablab.com.ar\\\/#organization\"},\"potentialAction\":[{\"@type\":\"SearchAction\",\"target\":{\"@type\":\"EntryPoint\",\"urlTemplate\":\"https:\\\/\\\/prototipa.indigofablab.com.ar\\\/?s={search_term_string}\"},\"query-input\":{\"@type\":\"PropertyValueSpecification\",\"valueRequired\":true,\"valueName\":\"search_term_string\"}}],\"inLanguage\":\"es\"},{\"@type\":\"Organization\",\"@id\":\"https:\\\/\\\/prototipa.indigofablab.com.ar\\\/#organization\",\"name\":\"Prototipa\",\"url\":\"https:\\\/\\\/prototipa.indigofablab.com.ar\\\/\",\"logo\":{\"@type\":\"ImageObject\",\"inLanguage\":\"es\",\"@id\":\"https:\\\/\\\/prototipa.indigofablab.com.ar\\\/#\\\/schema\\\/logo\\\/image\\\/\",\"url\":\"https:\\\/\\\/prototipa.indigofablab.com.ar\\\/wp-content\\\/uploads\\\/2026\\\/04\\\/cropped-Logo-Prototipa_tipografia-color-scaled-1.png\",\"contentUrl\":\"https:\\\/\\\/prototipa.indigofablab.com.ar\\\/wp-content\\\/uploads\\\/2026\\\/04\\\/cropped-Logo-Prototipa_tipografia-color-scaled-1.png\",\"width\":2558,\"height\":854,\"caption\":\"Prototipa\"},\"image\":{\"@id\":\"https:\\\/\\\/prototipa.indigofablab.com.ar\\\/#\\\/schema\\\/logo\\\/image\\\/\"}}]}<\/script>\n<!-- \/ Yoast SEO plugin. -->","yoast_head_json":{"title":"Inicio - Prototipa","robots":{"index":"index","follow":"follow","max-snippet":"max-snippet:-1","max-image-preview":"max-image-preview:large","max-video-preview":"max-video-preview:-1"},"canonical":"https:\/\/prototipa.indigofablab.com.ar\/","og_locale":"es_ES","og_type":"article","og_title":"Inicio - Prototipa","og_description":"Nuestros servicios Corte l\u00e1ser Cortamos y grabamos sobre madera, acr\u00edlico, MDF, cuero y m\u00e1s. Ideal para carteler\u00eda, se\u00f1al\u00e9tica y piezas [&hellip;]","og_url":"https:\/\/prototipa.indigofablab.com.ar\/","og_site_name":"Prototipa","article_modified_time":"2026-04-20T16:45:17+00:00","og_image":[{"width":1348,"height":2560,"url":"https:\/\/prototipa.indigofablab.com.ar\/wp-content\/uploads\/2026\/04\/Logo-Prototipa_sin-fondo-scaled.png","type":"image\/png"}],"twitter_card":"summary_large_image","twitter_misc":{"Tiempo de lectura":"4 minutos"},"schema":{"@context":"https:\/\/schema.org","@graph":[{"@type":"WebPage","@id":"https:\/\/prototipa.indigofablab.com.ar\/","url":"https:\/\/prototipa.indigofablab.com.ar\/","name":"Inicio - Prototipa","isPartOf":{"@id":"https:\/\/prototipa.indigofablab.com.ar\/#website"},"primaryImageOfPage":{"@id":"https:\/\/prototipa.indigofablab.com.ar\/#primaryimage"},"image":{"@id":"https:\/\/prototipa.indigofablab.com.ar\/#primaryimage"},"thumbnailUrl":"https:\/\/prototipa.indigofablab.com.ar\/wp-content\/uploads\/2026\/04\/Logo-Prototipa_sin-fondo-539x1024.png","datePublished":"2026-04-20T12:03:47+00:00","dateModified":"2026-04-20T16:45:17+00:00","breadcrumb":{"@id":"https:\/\/prototipa.indigofablab.com.ar\/#breadcrumb"},"inLanguage":"es","potentialAction":[{"@type":"ReadAction","target":["https:\/\/prototipa.indigofablab.com.ar\/"]}]},{"@type":"ImageObject","inLanguage":"es","@id":"https:\/\/prototipa.indigofablab.com.ar\/#primaryimage","url":"https:\/\/prototipa.indigofablab.com.ar\/wp-content\/uploads\/2026\/04\/Logo-Prototipa_sin-fondo-scaled.png","contentUrl":"https:\/\/prototipa.indigofablab.com.ar\/wp-content\/uploads\/2026\/04\/Logo-Prototipa_sin-fondo-scaled.png","width":1348,"height":2560},{"@type":"BreadcrumbList","@id":"https:\/\/prototipa.indigofablab.com.ar\/#breadcrumb","itemListElement":[{"@type":"ListItem","position":1,"name":"Portada","item":"https:\/\/prototipa.indigofablab.com.ar\/"},{"@type":"ListItem","position":2,"name":"Inicio"}]},{"@type":"WebSite","@id":"https:\/\/prototipa.indigofablab.com.ar\/#website","url":"https:\/\/prototipa.indigofablab.com.ar\/","name":"Prototipa","description":"Laboratorio de Fabricaci\u00f3n Digital","publisher":{"@id":"https:\/\/prototipa.indigofablab.com.ar\/#organization"},"potentialAction":[{"@type":"SearchAction","target":{"@type":"EntryPoint","urlTemplate":"https:\/\/prototipa.indigofablab.com.ar\/?s={search_term_string}"},"query-input":{"@type":"PropertyValueSpecification","valueRequired":true,"valueName":"search_term_string"}}],"inLanguage":"es"},{"@type":"Organization","@id":"https:\/\/prototipa.indigofablab.com.ar\/#organization","name":"Prototipa","url":"https:\/\/prototipa.indigofablab.com.ar\/","logo":{"@type":"ImageObject","inLanguage":"es","@id":"https:\/\/prototipa.indigofablab.com.ar\/#\/schema\/logo\/image\/","url":"https:\/\/prototipa.indigofablab.com.ar\/wp-content\/uploads\/2026\/04\/cropped-Logo-Prototipa_tipografia-color-scaled-1.png","contentUrl":"https:\/\/prototipa.indigofablab.com.ar\/wp-content\/uploads\/2026\/04\/cropped-Logo-Prototipa_tipografia-color-scaled-1.png","width":2558,"height":854,"caption":"Prototipa"},"image":{"@id":"https:\/\/prototipa.indigofablab.com.ar\/#\/schema\/logo\/image\/"}}]}},"_links":{"self":[{"href":"https:\/\/prototipa.indigofablab.com.ar\/index.php\/wp-json\/wp\/v2\/pages\/11","targetHints":{"allow":["GET"]}}],"collection":[{"href":"https:\/\/prototipa.indigofablab.com.ar\/index.php\/wp-json\/wp\/v2\/pages"}],"about":[{"href":"https:\/\/prototipa.indigofablab.com.ar\/index.php\/wp-json\/wp\/v2\/types\/page"}],"author":[{"embeddable":true,"href":"https:\/\/prototipa.indigofablab.com.ar\/index.php\/wp-json\/wp\/v2\/users\/1"}],"replies":[{"embeddable":true,"href":"https:\/\/prototipa.indigofablab.com.ar\/index.php\/wp-json\/wp\/v2\/comments?post=11"}],"version-history":[{"count":32,"href":"https:\/\/prototipa.indigofablab.com.ar\/index.php\/wp-json\/wp\/v2\/pages\/11\/revisions"}],"predecessor-version":[{"id":101,"href":"https:\/\/prototipa.indigofablab.com.ar\/index.php\/wp-json\/wp\/v2\/pages\/11\/revisions\/101"}],"wp:attachment":[{"href":"https:\/\/prototipa.indigofablab.com.ar\/index.php\/wp-json\/wp\/v2\/media?parent=11"}],"curies":[{"name":"wp","href":"https:\/\/api.w.org\/{rel}","templated":true}]}}